{"id":24,"date":"2019-12-29T21:26:09","date_gmt":"2019-12-29T20:26:09","guid":{"rendered":"http:\/\/www.sgo.agh.edu.pl\/?page_id=24"},"modified":"2026-03-19T10:37:48","modified_gmt":"2026-03-19T09:37:48","slug":"24-2","status":"publish","type":"page","link":"https:\/\/www.sgo.agh.edu.pl\/","title":{"rendered":""},"content":{"rendered":"\n<p class=\"has-text-align-center\">W\nimieniu:<\/p>\n\n\n\n<p class=\"has-text-align-center\"><strong>Akademii G\u00f3rniczo-Hutniczej im. Stanis\u0142awa Staszica w Krakowie<br> Wydzia\u0142u In\u017cynierii L\u0105dowej i Gospodarki Zasobami<br> Katedry In\u017cynierii G\u00f3rniczej i Bezpiecze\u0144stwa Pracy <\/strong><\/p>\n\n\n\n<p class=\"has-text-align-center\">oraz<\/p>\n\n\n\n<p class=\"has-text-align-center\"><strong>Fundacji Nauka i Tradycje G\u00f3rnicze<\/strong><br><strong>Sekcji Technologii G\u00f3rniczych Komitetu G\u00f3rnictwa PAN<br> G\u0142\u00f3wnej Komisji ds. G\u00f3rnictwa Odkrywkowego ZG SiTG<br>Stowarzyszenia Polskich In\u017cynier\u00f3w Strza\u0142owych <\/strong><\/p>\n\n\n\n<p class=\"has-text-align-center\">pragniemy serdecznie<\/p>\n\n\n\n<p class=\"has-text-align-center\"><strong>ZAPROSI\u0106<\/strong><br> <strong>do udzia\u0142u<\/strong><\/p>\n\n\n\n<h3 class=\"wp-block-heading has-text-align-center\"><strong>w&nbsp;XIII edycji&nbsp;Szko\u0142y G\u00f3rnictwa Odkrywkowego,<\/strong><\/h3>\n\n\n\n<p class=\"has-text-align-center\">kt\u00f3ra odb\u0119dzie si\u0119 w <span class=\"has-inline-color has-very-dark-gray-color\">dniach <strong>7 &#8211; 9 wrze\u015bnia 2026 r.<\/strong> <\/span><br><span class=\"has-inline-color has-very-dark-gray-color\">w<\/span> Hotelu Go\u0142\u0119biewski**** <span class=\"has-inline-color has-very-dark-gray-color\">w  Wi\u015ble<\/span><\/p>\n\n\n\n<hr>\n\n\n\n<p>Podczas SGO2026 poruszane b\u0119d\u0105 aktualne zagadnienia maj\u0105ce wp\u0142yw na kszta\u0142towanie przysz\u0142o\u015bci bran\u017cy g\u00f3rnictwa odkrywkowego w Polsce:\u200b<\/p>\n\n\n\n<ul class=\"wp-block-list\">\n<li>Polityka surowcowa Polski, z\u0142o\u017ca strategiczne, surowce ziem rzadkich \u2013 fundamenty przysz\u0142o\u015bci gospodarczej kraju.\u200b<\/li>\n\n\n\n<li>Wystarczalno\u015b\u0107 zasob\u00f3w kruszyw w kontek\u015bcie rozwoju infrastruktury w Polsce.\u200b<\/li>\n\n\n\n<li>Sprawna procedura \u015brodowiskowa i koncesyjna oraz kluczowe zmiany w uregulowaniach prawnych odkrywkowej dzia\u0142alno\u015bci g\u00f3rniczej.\u200b<\/li>\n\n\n\n<li>Aktualne wytyczne w zakresie prowadzenia ruchu odkrywkowych zak\u0142ad\u00f3w g\u00f3rniczych.\u200b<\/li>\n\n\n\n<li>Nowoczesne rozwi\u0105zania techniczne i organizacyjne wspieraj\u0105ce bezpieczn\u0105 eksploatacj\u0119 oraz ochron\u0119 zdrowia pracownik\u00f3w \u2013 doskonalenie kultury bezpiecze\u0144stwa w g\u00f3rnictwie odkrywkowym.\u200b<\/li>\n\n\n\n<li>\u015awiatowe innowacje inspiracj\u0105 dla rozwi\u0105za\u0144 w krajowym g\u00f3rnictwie.\u200b<\/li>\n\n\n\n<li>Zaawansowana technika strza\u0142owa w g\u00f3rnictwie i w budownictwie.\u200b<\/li>\n\n\n\n<li>Geopolityka i transformacja energetyczna \u2013 nowe perspektywy dla g\u00f3rnictwa odkrywkowego w Polsce w \u015bwietle Europejskiego Zielonego \u0141adu i konflikt\u00f3w \u015bwiatowych\u200b.<\/li>\n\n\n\n<li>Optymalizacja koszt\u00f3w wydobycia i przer\u00f3bki kopalin \u2013 innowacyjne podej\u015bcie do zwi\u0119kszania rentowno\u015bci.\u200b<\/li>\n\n\n\n<li>Magazynowanie energii i inne alternatywne kierunki zagospodarowania teren\u00f3w pog\u00f3rniczych.\u200b<\/li>\n\n\n\n<li>ESG w g\u00f3rnictwie odkrywkowym \u2013 raportowanie niefinansowych danych o \u015brodowisku, spo\u0142ecze\u0144stwie i \u0142adzie korporacyjnym.\u200b<\/li>\n\n\n\n<li>Rekultywacja i rewitalizacja teren\u00f3w pog\u00f3rniczych \u2013 zr\u00f3wnowa\u017cona turystyka kulturowa w praktyce.\u200b<\/li>\n\n\n\n<li>Metody wykorzystania ubocznych produkt\u00f3w spalania (UPS).\u200b<\/li>\n<\/ul>\n\n\n\n<hr>\n\n\n\n<h3 class=\"wp-block-heading has-text-align-center\"><strong>TERMIN KONFERENCJI<\/strong><\/h3>\n\n\n\n<h4 class=\"wp-block-heading has-text-align-center\"><span class=\"has-inline-color has-vivid-red-color\">7 &#8211; 9 wrze\u015bnia 2026 roku<\/span><\/h4>\n\n\n\n<hr>\n\n\n\n<h3 class=\"wp-block-heading has-text-align-center\"><strong>MIEJSCE KONFERENCJI<\/strong><\/h3>\n\n\n\n<p class=\"has-text-align-center\">Hotel GO\u0141\u0118BIEWSKI****<br>Al. Ks. Bp. Bursche 3,&nbsp;43-460&nbsp;Wis\u0142a<\/p>\n\n\n<div class=\"wp-block-image\">\n<figure class=\"aligncenter size-large\"><a href=\"https:\/\/ossahotel.pl\/\"><img loading=\"lazy\" decoding=\"async\" width=\"1024\" height=\"682\" src=\"http:\/\/www.sgo.agh.edu.pl\/wp-content\/uploads\/2025\/02\/DJI_0768-1024x682.jpg\" alt=\"\" class=\"wp-image-854\" srcset=\"https:\/\/www.sgo.agh.edu.pl\/wp-content\/uploads\/2025\/02\/DJI_0768-1024x682.jpg 1024w, https:\/\/www.sgo.agh.edu.pl\/wp-content\/uploads\/2025\/02\/DJI_0768-300x200.jpg 300w, https:\/\/www.sgo.agh.edu.pl\/wp-content\/uploads\/2025\/02\/DJI_0768-768x512.jpg 768w, https:\/\/www.sgo.agh.edu.pl\/wp-content\/uploads\/2025\/02\/DJI_0768-1536x1024.jpg 1536w, https:\/\/www.sgo.agh.edu.pl\/wp-content\/uploads\/2025\/02\/DJI_0768-2048x1365.jpg 2048w, https:\/\/www.sgo.agh.edu.pl\/wp-content\/uploads\/2025\/02\/DJI_0768-830x553.jpg 830w, https:\/\/www.sgo.agh.edu.pl\/wp-content\/uploads\/2025\/02\/DJI_0768-230x153.jpg 230w, https:\/\/www.sgo.agh.edu.pl\/wp-content\/uploads\/2025\/02\/DJI_0768-350x233.jpg 350w, https:\/\/www.sgo.agh.edu.pl\/wp-content\/uploads\/2025\/02\/DJI_0768-480x320.jpg 480w\" sizes=\"auto, (max-width: 1024px) 100vw, 1024px\" \/><\/a><\/figure><\/div>\n\n\n<br><br>\n\n\n\n<div class=\"wp-block-columns is-layout-flex wp-container-core-columns-is-layout-9d6595d7 wp-block-columns-is-layout-flex\">\n<div class=\"wp-block-column is-layout-flow wp-block-column-is-layout-flow\"><\/div>\n<\/div>\n\n\n\n<hr class=\"wp-block-separator has-css-opacity\"\/>\n\n\n\n<h3 class=\"wp-block-heading has-text-align-center\">Generalny Patron Medialny<\/h3>\n\n\n\n<div class=\"wp-block-columns is-layout-flex wp-container-core-columns-is-layout-9d6595d7 wp-block-columns-is-layout-flex\">\n<div class=\"wp-block-column is-layout-flow wp-block-column-is-layout-flow\"><div class=\"wp-block-image\">\n<figure class=\"aligncenter size-full is-resized\"><a href=\"https:\/\/nbi.com.pl\/\"><img loading=\"lazy\" decoding=\"async\" width=\"269\" height=\"127\" src=\"http:\/\/www.sgo.agh.edu.pl\/wp-content\/uploads\/2025\/05\/Zrzut-ekranu-2025-05-21-135416.png\" alt=\"\" class=\"wp-image-889\" style=\"width:339px;height:auto\" srcset=\"https:\/\/www.sgo.agh.edu.pl\/wp-content\/uploads\/2025\/05\/Zrzut-ekranu-2025-05-21-135416.png 269w, https:\/\/www.sgo.agh.edu.pl\/wp-content\/uploads\/2025\/05\/Zrzut-ekranu-2025-05-21-135416-230x109.png 230w\" sizes=\"auto, (max-width: 269px) 100vw, 269px\" \/><\/a><\/figure><\/div><\/div>\n\n\n\n<div class=\"wp-block-column is-layout-flow wp-block-column-is-layout-flow\"><div class=\"wp-block-image\">\n<figure class=\"aligncenter size-full is-resized\"><a href=\"https:\/\/nbi.com.pl\/\"><img loading=\"lazy\" decoding=\"async\" width=\"230\" height=\"116\" src=\"http:\/\/www.sgo.agh.edu.pl\/wp-content\/uploads\/2020\/01\/Zrzut-ekranu-2024-07-16-010721-2.png\" alt=\"\" class=\"wp-image-775\" style=\"width:300px;height:auto\"\/><\/a><\/figure><\/div><\/div>\n<\/div>\n\n\n\n<div style=\"height:20px\" aria-hidden=\"true\" class=\"wp-block-spacer\"><\/div>\n\n\n\n<hr class=\"wp-block-separator has-css-opacity\"\/>\n\n\n\n<h3 class=\"wp-block-heading has-text-align-center\">Patroni medialni<\/h3>\n\n\n\n<div class=\"wp-block-columns is-layout-flex wp-container-core-columns-is-layout-9d6595d7 wp-block-columns-is-layout-flex\">\n<div class=\"wp-block-column is-vertically-aligned-top is-layout-flow wp-block-column-is-layout-flow\" style=\"flex-basis:33.33%\"><div class=\"wp-block-image\">\n<figure class=\"aligncenter size-full is-resized\"><img loading=\"lazy\" decoding=\"async\" width=\"330\" height=\"105\" src=\"http:\/\/www.sgo.agh.edu.pl\/wp-content\/uploads\/2025\/05\/Zrzut-ekranu-2025-05-21-135409.png\" alt=\"\" class=\"wp-image-887\" style=\"width:176px;height:auto\" srcset=\"https:\/\/www.sgo.agh.edu.pl\/wp-content\/uploads\/2025\/05\/Zrzut-ekranu-2025-05-21-135409.png 330w, https:\/\/www.sgo.agh.edu.pl\/wp-content\/uploads\/2025\/05\/Zrzut-ekranu-2025-05-21-135409-300x95.png 300w, https:\/\/www.sgo.agh.edu.pl\/wp-content\/uploads\/2025\/05\/Zrzut-ekranu-2025-05-21-135409-230x73.png 230w\" sizes=\"auto, (max-width: 330px) 100vw, 330px\" \/><\/figure><\/div>\n\n\n<div style=\"height:40px\" aria-hidden=\"true\" class=\"wp-block-spacer\"><\/div>\n\n\n<div class=\"wp-block-image\">\n<figure class=\"aligncenter size-full is-resized\"><img loading=\"lazy\" decoding=\"async\" width=\"346\" height=\"83\" src=\"http:\/\/www.sgo.agh.edu.pl\/wp-content\/uploads\/2025\/05\/Zrzut-ekranu-2025-05-21-135431.png\" alt=\"\" class=\"wp-image-888\" style=\"width:213px;height:auto\" srcset=\"https:\/\/www.sgo.agh.edu.pl\/wp-content\/uploads\/2025\/05\/Zrzut-ekranu-2025-05-21-135431.png 346w, https:\/\/www.sgo.agh.edu.pl\/wp-content\/uploads\/2025\/05\/Zrzut-ekranu-2025-05-21-135431-300x72.png 300w, https:\/\/www.sgo.agh.edu.pl\/wp-content\/uploads\/2025\/05\/Zrzut-ekranu-2025-05-21-135431-230x55.png 230w\" sizes=\"auto, (max-width: 346px) 100vw, 346px\" \/><\/figure><\/div>\n\n\n<div style=\"height:40px\" aria-hidden=\"true\" class=\"wp-block-spacer\"><\/div>\n\n\n<div class=\"wp-block-image\">\n<figure class=\"aligncenter size-full is-resized\"><a href=\"inzynieriamineralna.com.pl\"><img loading=\"lazy\" decoding=\"async\" width=\"421\" height=\"110\" src=\"http:\/\/www.sgo.agh.edu.pl\/wp-content\/uploads\/2025\/05\/Zrzut-ekranu-2025-05-21-135451.png\" alt=\"\" class=\"wp-image-893\" style=\"width:211px;height:auto\" srcset=\"https:\/\/www.sgo.agh.edu.pl\/wp-content\/uploads\/2025\/05\/Zrzut-ekranu-2025-05-21-135451.png 421w, https:\/\/www.sgo.agh.edu.pl\/wp-content\/uploads\/2025\/05\/Zrzut-ekranu-2025-05-21-135451-300x78.png 300w, https:\/\/www.sgo.agh.edu.pl\/wp-content\/uploads\/2025\/05\/Zrzut-ekranu-2025-05-21-135451-230x60.png 230w, https:\/\/www.sgo.agh.edu.pl\/wp-content\/uploads\/2025\/05\/Zrzut-ekranu-2025-05-21-135451-350x91.png 350w\" sizes=\"auto, (max-width: 421px) 100vw, 421px\" \/><\/a><\/figure><\/div><\/div>\n\n\n\n<div class=\"wp-block-column is-vertically-aligned-top is-layout-flow wp-block-column-is-layout-flow\" style=\"flex-basis:33.33%\">\n<div style=\"height:40px\" aria-hidden=\"true\" class=\"wp-block-spacer\"><\/div>\n\n\n<div class=\"wp-block-image\">\n<figure class=\"aligncenter size-full is-resized\"><a href=\"https:\/\/drogowo-mostowy.pl\/\"><img loading=\"lazy\" decoding=\"async\" width=\"428\" height=\"65\" src=\"http:\/\/www.sgo.agh.edu.pl\/wp-content\/uploads\/2025\/05\/Zrzut-ekranu-2025-05-21-135438.png\" alt=\"\" class=\"wp-image-891\" style=\"width:217px;height:auto\" srcset=\"https:\/\/www.sgo.agh.edu.pl\/wp-content\/uploads\/2025\/05\/Zrzut-ekranu-2025-05-21-135438.png 428w, https:\/\/www.sgo.agh.edu.pl\/wp-content\/uploads\/2025\/05\/Zrzut-ekranu-2025-05-21-135438-300x46.png 300w, https:\/\/www.sgo.agh.edu.pl\/wp-content\/uploads\/2025\/05\/Zrzut-ekranu-2025-05-21-135438-230x35.png 230w, https:\/\/www.sgo.agh.edu.pl\/wp-content\/uploads\/2025\/05\/Zrzut-ekranu-2025-05-21-135438-350x53.png 350w\" sizes=\"auto, (max-width: 428px) 100vw, 428px\" \/><\/a><\/figure><\/div>\n\n\n<div style=\"height:40px\" aria-hidden=\"true\" class=\"wp-block-spacer\"><\/div>\n\n\n\n<div style=\"height:0px\" aria-hidden=\"true\" class=\"wp-block-spacer\"><\/div>\n<\/div>\n\n\n\n<div class=\"wp-block-column is-vertically-aligned-top is-layout-flow wp-block-column-is-layout-flow\" style=\"flex-basis:33.33%\"><div class=\"wp-block-image\">\n<figure class=\"aligncenter size-full is-resized\"><a href=\"https:\/\/www.kieruneksurowce.pl\/\"><img loading=\"lazy\" decoding=\"async\" width=\"321\" height=\"180\" src=\"http:\/\/www.sgo.agh.edu.pl\/wp-content\/uploads\/2025\/05\/Zrzut-ekranu-2025-05-21-135424.png\" alt=\"\" class=\"wp-image-890\" style=\"width:175px;height:auto\" srcset=\"https:\/\/www.sgo.agh.edu.pl\/wp-content\/uploads\/2025\/05\/Zrzut-ekranu-2025-05-21-135424.png 321w, https:\/\/www.sgo.agh.edu.pl\/wp-content\/uploads\/2025\/05\/Zrzut-ekranu-2025-05-21-135424-300x168.png 300w, https:\/\/www.sgo.agh.edu.pl\/wp-content\/uploads\/2025\/05\/Zrzut-ekranu-2025-05-21-135424-230x129.png 230w\" sizes=\"auto, (max-width: 321px) 100vw, 321px\" \/><\/a><\/figure><\/div>\n\n\n<div style=\"height:41px\" aria-hidden=\"true\" class=\"wp-block-spacer\"><\/div>\n\n\n<div class=\"wp-block-image\">\n<figure class=\"aligncenter size-full is-resized\"><a href=\"https:\/\/www.igo.wroc.pl\/pl\/wydawnictwo1\/czasopismo-gornictwo\"><img loading=\"lazy\" decoding=\"async\" width=\"240\" height=\"105\" src=\"http:\/\/www.sgo.agh.edu.pl\/wp-content\/uploads\/2025\/05\/Zrzut-ekranu-2025-05-21-135443.png\" alt=\"\" class=\"wp-image-892\" style=\"width:171px;height:auto\" srcset=\"https:\/\/www.sgo.agh.edu.pl\/wp-content\/uploads\/2025\/05\/Zrzut-ekranu-2025-05-21-135443.png 240w, https:\/\/www.sgo.agh.edu.pl\/wp-content\/uploads\/2025\/05\/Zrzut-ekranu-2025-05-21-135443-230x101.png 230w\" sizes=\"auto, (max-width: 240px) 100vw, 240px\" \/><\/a><\/figure><\/div><\/div>\n<\/div>\n\n\n\n<p><\/p>\n","protected":false},"excerpt":{"rendered":"<p>W imieniu: Akademii G\u00f3rniczo-Hutniczej im. Stanis\u0142awa Staszica w Krakowie Wydzia\u0142u In\u017cynierii L\u0105dowej i Gospodarki Zasobami Katedry In\u017cynierii G\u00f3rniczej i Bezpiecze\u0144stwa Pracy oraz Fundacji Nauka i Tradycje G\u00f3rniczeSekcji Technologii G\u00f3rniczych Komitetu G\u00f3rnictwa PAN G\u0142\u00f3wnej Komisji ds. G\u00f3rnictwa Odkrywkowego ZG SiTGStowarzyszenia Polskich In\u017cynier\u00f3w Strza\u0142owych pragniemy serdecznie ZAPROSI\u0106 do udzia\u0142u w&nbsp;XIII edycji&nbsp;Szko\u0142y G\u00f3rnictwa Odkrywkowego, kt\u00f3ra odb\u0119dzie si\u0119 w [&hellip;]<\/p>\n","protected":false},"author":1,"featured_media":0,"parent":0,"menu_order":0,"comment_status":"closed","ping_status":"closed","template":"","meta":{"footnotes":""},"class_list":["post-24","page","type-page","status-publish","hentry"],"_links":{"self":[{"href":"https:\/\/www.sgo.agh.edu.pl\/index.php?rest_route=\/wp\/v2\/pages\/24","targetHints":{"allow":["GET"]}}],"collection":[{"href":"https:\/\/www.sgo.agh.edu.pl\/index.php?rest_route=\/wp\/v2\/pages"}],"about":[{"href":"https:\/\/www.sgo.agh.edu.pl\/index.php?rest_route=\/wp\/v2\/types\/page"}],"author":[{"embeddable":true,"href":"https:\/\/www.sgo.agh.edu.pl\/index.php?rest_route=\/wp\/v2\/users\/1"}],"replies":[{"embeddable":true,"href":"https:\/\/www.sgo.agh.edu.pl\/index.php?rest_route=%2Fwp%2Fv2%2Fcomments&post=24"}],"version-history":[{"count":243,"href":"https:\/\/www.sgo.agh.edu.pl\/index.php?rest_route=\/wp\/v2\/pages\/24\/revisions"}],"predecessor-version":[{"id":1392,"href":"https:\/\/www.sgo.agh.edu.pl\/index.php?rest_route=\/wp\/v2\/pages\/24\/revisions\/1392"}],"wp:attachment":[{"href":"https:\/\/www.sgo.agh.edu.pl\/index.php?rest_route=%2Fwp%2Fv2%2Fmedia&parent=24"}],"curies":[{"name":"wp","href":"https:\/\/api.w.org\/{rel}","templated":true}]}}