{"id":38,"date":"2019-12-29T21:46:30","date_gmt":"2019-12-29T20:46:30","guid":{"rendered":"http:\/\/www.sgo.agh.edu.pl\/?page_id=38"},"modified":"2026-03-20T20:24:48","modified_gmt":"2026-03-20T19:24:48","slug":"zgloszenia-i-oplata-konferencyjna","status":"publish","type":"page","link":"https:\/\/www.sgo.agh.edu.pl\/?page_id=38","title":{"rendered":"Zg\u0142oszenia i op\u0142ata konferencyjna"},"content":{"rendered":"\n<hr>\n\n\n\n<h3 class=\"wp-block-heading has-text-align-center\"><strong>OP\u0141ATA KONFERENCYJNA<\/strong><\/h3>\n\n\n\n<ul class=\"wp-block-list\">\n<li>w pokoju jednoosobowym:&nbsp;<strong><strong>3 600,00 z\u0142 + 23% VAT<\/strong><\/strong><\/li>\n\n\n\n<li>w pokoju dwuosobowym:<strong>&nbsp;<strong>2 900,00 z\u0142 + 23% VAT<\/strong><\/strong><\/li>\n\n\n\n<li>udzia\u0142 bez zakwaterowania w hotelu: <strong>2 000,00 z\u0142 + 23% VAT<\/strong><\/li>\n<\/ul>\n\n\n\n<hr>\n\n\n\n<p>Zg\u0142oszenia uczestnictwa w SGO2026 nale\u017cy dokona\u0107 poprzez poni\u017cszy formularz do dnia <strong>21.08.2026<\/strong>:<\/p>\n\n\n\n<h2 class=\"wp-block-heading\"><a href=\"https:\/\/docs.google.com\/forms\/d\/e\/1FAIpQLScpA560mKbY1MoXvwqTqY8rnwwm36lmjlArk46kPmyFiIFzYQ\/viewform?usp=header\" data-type=\"link\" data-id=\"https:\/\/docs.google.com\/forms\/d\/e\/1FAIpQLScpA560mKbY1MoXvwqTqY8rnwwm36lmjlArk46kPmyFiIFzYQ\/viewform?usp=header\">Zarejestruj udzia\u0142 w SGO2026<\/a><\/h2>\n\n\n\n<h3 class=\"wp-block-heading\"><a href=\"https:\/\/docs.google.com\/forms\/d\/e\/1FAIpQLSfeRzdVbj3hvPAL7j4UGKPiy2gDmVtBNMnh2Jz8l1nPssJUbg\/viewform?usp=header\" data-type=\"link\" data-id=\"https:\/\/docs.google.com\/forms\/d\/e\/1FAIpQLSfeRzdVbj3hvPAL7j4UGKPiy2gDmVtBNMnh2Jz8l1nPssJUbg\/viewform?usp=header\">Zg\u0142o\u015b referat w SGO2026<\/a><\/h3>\n\n\n\n<hr>\n\n\n\n<div class=\"wp-block-file\"><a id=\"wp-block-file--media-1a90280e-a9d7-406e-b47f-cc4145766c7f\" href=\"https:\/\/www.sgo.agh.edu.pl\/wp-content\/uploads\/2026\/03\/Regulamin-SGO2026-z-zalacznikiem-RODO.pdf\">Regulamin Konferencji &#8222;Szko\u0142a G\u00f3rnictwa Odkrywkowego&#8221;<\/a><a href=\"https:\/\/www.sgo.agh.edu.pl\/wp-content\/uploads\/2026\/03\/Regulamin-SGO2026-z-zalacznikiem-RODO.pdf\" class=\"wp-block-file__button wp-element-button\" download aria-describedby=\"wp-block-file--media-1a90280e-a9d7-406e-b47f-cc4145766c7f\">Pobierz<\/a><\/div>\n\n\n\n<hr>\n\n\n\n<p>Wp\u0142aty nale\u017cy dokona\u0107 na konto:<\/p>\n\n\n\n<p>Bank: Oddzia\u0142 PKO Bank Polski<br><strong>92 1020 2892 0000 5302 1008 5100<\/strong><\/p>\n\n\n\n<p><strong>Fundacja Nauka i Tradycje G\u00f3rnicze<\/strong>\u200b<br>Al. A. Mickiewicza 30, paw. A1, pok. 216.\u200b<br>30-059 Krak\u00f3w\u200b<\/p>\n\n\n\n<p>NIP: 6771000308\u200b<\/p>\n\n\n\n<p>z tytu\u0142em przelewu:<br>SGO2026, imi\u0119 i nazwisko uczestnika<\/p>\n\n\n\n<hr>\n\n\n\n<p>Wszelkich informacji na temat zg\u0142aszania uczestnictwa w SGO2026 udziela dr in\u017c. Dorota \u0141ocha\u0144ska, <a href=\"mailto:lochan@agh.edu.pl\">lochan@agh.edu.pl,<\/a>&nbsp;tel. 12 617 21 09, kom.:&nbsp;668 139 170<\/p>\n\n\n\n<hr>\n\n\n\n<p>Wszelkich informacji na temat referat\u00f3w udziela dr in\u017c. Micha\u0142 Patyk,&nbsp;<a href=\"mailto:mpatyk@agh.edu.pl\">mpatyk@agh.edu.pl<\/a>, tel. 12 617 21 10, kom.: 604 675 002<\/p>\n","protected":false},"excerpt":{"rendered":"<p>OP\u0141ATA KONFERENCYJNA Zg\u0142oszenia uczestnictwa w SGO2026 nale\u017cy dokona\u0107 poprzez poni\u017cszy formularz do dnia 21.08.2026: Zarejestruj udzia\u0142 w SGO2026 Zg\u0142o\u015b referat w SGO2026 Wp\u0142aty nale\u017cy dokona\u0107 na konto: Bank: Oddzia\u0142 PKO Bank Polski92 1020 2892 0000 5302 1008 5100 Fundacja Nauka i Tradycje G\u00f3rnicze\u200bAl. A. Mickiewicza 30, paw. A1, pok. 216.\u200b30-059 Krak\u00f3w\u200b NIP: 6771000308\u200b z tytu\u0142em [&hellip;]<\/p>\n","protected":false},"author":1,"featured_media":0,"parent":0,"menu_order":0,"comment_status":"closed","ping_status":"closed","template":"","meta":{"footnotes":""},"class_list":["post-38","page","type-page","status-publish","hentry"],"_links":{"self":[{"href":"https:\/\/www.sgo.agh.edu.pl\/index.php?rest_route=\/wp\/v2\/pages\/38","targetHints":{"allow":["GET"]}}],"collection":[{"href":"https:\/\/www.sgo.agh.edu.pl\/index.php?rest_route=\/wp\/v2\/pages"}],"about":[{"href":"https:\/\/www.sgo.agh.edu.pl\/index.php?rest_route=\/wp\/v2\/types\/page"}],"author":[{"embeddable":true,"href":"https:\/\/www.sgo.agh.edu.pl\/index.php?rest_route=\/wp\/v2\/users\/1"}],"replies":[{"embeddable":true,"href":"https:\/\/www.sgo.agh.edu.pl\/index.php?rest_route=%2Fwp%2Fv2%2Fcomments&post=38"}],"version-history":[{"count":73,"href":"https:\/\/www.sgo.agh.edu.pl\/index.php?rest_route=\/wp\/v2\/pages\/38\/revisions"}],"predecessor-version":[{"id":1396,"href":"https:\/\/www.sgo.agh.edu.pl\/index.php?rest_route=\/wp\/v2\/pages\/38\/revisions\/1396"}],"wp:attachment":[{"href":"https:\/\/www.sgo.agh.edu.pl\/index.php?rest_route=%2Fwp%2Fv2%2Fmedia&parent=38"}],"curies":[{"name":"wp","href":"https:\/\/api.w.org\/{rel}","templated":true}]}}