{"id":41,"date":"2019-12-29T21:48:20","date_gmt":"2019-12-29T20:48:20","guid":{"rendered":"http:\/\/www.sgo.agh.edu.pl\/?page_id=41"},"modified":"2026-03-19T09:59:51","modified_gmt":"2026-03-19T08:59:51","slug":"sponsoring","status":"publish","type":"page","link":"https:\/\/www.sgo.agh.edu.pl\/?page_id=41","title":{"rendered":"Partnerzy"},"content":{"rendered":"\n<hr>\n\n\n\n<p>Specjalnie dla Pa\u0144stwa przygotowana zosta\u0142a oferta<strong> Pakiet\u00f3w Partnerskich.<\/strong><\/p>\n\n\n\n<p>Oferowane przez nas Pakiety obejmuj\u0105 mi\u0119dzy innymi&nbsp;<strong>miejsca reklamowe<\/strong>&nbsp;i&nbsp;<strong>wystawowe<\/strong>, mo\u017cliwo\u015b\u0107&nbsp;<strong>prezentacji multimedialnych<\/strong>,&nbsp;<strong>wystawienie baner\u00f3w reklamowych<\/strong>, a&nbsp;<strong>tak\u017ce innych form promocji<\/strong>&nbsp;Pa\u0144stwa dzia\u0142alno\u015bci, kt\u00f3re mo\u017cemy dostosowa\u0107 do indywidualnych potrzeb.<\/p>\n\n\n\n<hr>\n\n\n\n<p>Warunki oferty znajduj\u0105 si\u0119 w poni\u017cszym formularzu:<\/p>\n\n\n\n<div class=\"wp-block-file\"><a id=\"wp-block-file--media-d3263dae-117d-46cf-8185-152f86818d89\" href=\"https:\/\/www.sgo.agh.edu.pl\/wp-content\/uploads\/2026\/03\/Formularz-zamowienia-reklamy_SGO2026.pdf\">Formularz zam\u00f3wienia reklamy SGO2026 (plik PDF)<\/a><a href=\"https:\/\/www.sgo.agh.edu.pl\/wp-content\/uploads\/2026\/03\/Formularz-zamowienia-reklamy_SGO2026.pdf\" class=\"wp-block-file__button wp-element-button\" download aria-describedby=\"wp-block-file--media-d3263dae-117d-46cf-8185-152f86818d89\">Pobierz<\/a><\/div>\n\n\n\n<div class=\"wp-block-file\"><a id=\"wp-block-file--media-01c9db13-23a5-4ebe-91bb-b58a10ec59dd\" href=\"https:\/\/www.sgo.agh.edu.pl\/wp-content\/uploads\/2026\/03\/Formularz-zamowienia-reklamy_SGO2026-1.docx\">Formularz zam\u00f3wienia reklamy SGO2026 (plik DOCX)<\/a><a href=\"https:\/\/www.sgo.agh.edu.pl\/wp-content\/uploads\/2026\/03\/Formularz-zamowienia-reklamy_SGO2026-1.docx\" class=\"wp-block-file__button wp-element-button\" download aria-describedby=\"wp-block-file--media-01c9db13-23a5-4ebe-91bb-b58a10ec59dd\">Pobierz<\/a><\/div>\n\n\n\n<hr>\n\n\n\n<p>Zapraszamy do wsp\u00f3\u0142pracy!<\/p>\n\n\n\n<p>Wszelkich informacji na temat ofert Partnerskich udziela dr in\u017c. Mateusz Sikora, <a href=\"mailto:mateusz.sikora@agh.edu.pl\">mateusz.sikora@agh.edu.pl<\/a> tel. 12 617 44 90, kom. 695 171 636<\/p>\n","protected":false},"excerpt":{"rendered":"<p>Specjalnie dla Pa\u0144stwa przygotowana zosta\u0142a oferta Pakiet\u00f3w Partnerskich. Oferowane przez nas Pakiety obejmuj\u0105 mi\u0119dzy innymi&nbsp;miejsca reklamowe&nbsp;i&nbsp;wystawowe, mo\u017cliwo\u015b\u0107&nbsp;prezentacji multimedialnych,&nbsp;wystawienie baner\u00f3w reklamowych, a&nbsp;tak\u017ce innych form promocji&nbsp;Pa\u0144stwa dzia\u0142alno\u015bci, kt\u00f3re mo\u017cemy dostosowa\u0107 do indywidualnych potrzeb. Warunki oferty znajduj\u0105 si\u0119 w poni\u017cszym formularzu: Zapraszamy do wsp\u00f3\u0142pracy! Wszelkich informacji na temat ofert Partnerskich udziela dr in\u017c. Mateusz Sikora, mateusz.sikora@agh.edu.pl tel. 12 [&hellip;]<\/p>\n","protected":false},"author":1,"featured_media":0,"parent":0,"menu_order":0,"comment_status":"closed","ping_status":"closed","template":"","meta":{"footnotes":""},"class_list":["post-41","page","type-page","status-publish","hentry"],"_links":{"self":[{"href":"https:\/\/www.sgo.agh.edu.pl\/index.php?rest_route=\/wp\/v2\/pages\/41","targetHints":{"allow":["GET"]}}],"collection":[{"href":"https:\/\/www.sgo.agh.edu.pl\/index.php?rest_route=\/wp\/v2\/pages"}],"about":[{"href":"https:\/\/www.sgo.agh.edu.pl\/index.php?rest_route=\/wp\/v2\/types\/page"}],"author":[{"embeddable":true,"href":"https:\/\/www.sgo.agh.edu.pl\/index.php?rest_route=\/wp\/v2\/users\/1"}],"replies":[{"embeddable":true,"href":"https:\/\/www.sgo.agh.edu.pl\/index.php?rest_route=%2Fwp%2Fv2%2Fcomments&post=41"}],"version-history":[{"count":32,"href":"https:\/\/www.sgo.agh.edu.pl\/index.php?rest_route=\/wp\/v2\/pages\/41\/revisions"}],"predecessor-version":[{"id":1385,"href":"https:\/\/www.sgo.agh.edu.pl\/index.php?rest_route=\/wp\/v2\/pages\/41\/revisions\/1385"}],"wp:attachment":[{"href":"https:\/\/www.sgo.agh.edu.pl\/index.php?rest_route=%2Fwp%2Fv2%2Fmedia&parent=41"}],"curies":[{"name":"wp","href":"https:\/\/api.w.org\/{rel}","templated":true}]}}