{"id":44,"date":"2019-12-29T21:53:16","date_gmt":"2019-12-29T20:53:16","guid":{"rendered":"http:\/\/www.sgo.agh.edu.pl\/?page_id=44"},"modified":"2026-03-16T17:03:06","modified_gmt":"2026-03-16T16:03:06","slug":"konferencja-szkola-gornictwa-odkrywkowego","status":"publish","type":"page","link":"https:\/\/www.sgo.agh.edu.pl\/?page_id=44","title":{"rendered":"Wcze\u015bniejsze edycje Konferencji"},"content":{"rendered":"\n<p><\/p>\n\n\n\n<hr>\n\n\n\n<p><strong>Edycja XII &#8211; 1-03.09.2025 r.<\/strong><br><a href=\"https:\/\/www.sgo.agh.edu.pl\/?page_id=1343\">Materia\u0142y konferencyjne oraz zdj\u0119cia &#8211; LINK<\/a><\/p>\n\n\n\n<h2 class=\"wp-block-heading has-text-align-center\"><strong>Relacja ze Szko\u0142y G\u00f3rnictwa Odkrywkowego 2025<\/strong><\/h2>\n\n\n\n<figure class=\"wp-block-embed is-type-video is-provider-youtube wp-block-embed-youtube wp-embed-aspect-16-9 wp-has-aspect-ratio\"><div class=\"wp-block-embed__wrapper\">\n<iframe loading=\"lazy\" title=\"SGO RELACJA EMISYJNY\" width=\"1170\" height=\"658\" src=\"https:\/\/www.youtube.com\/embed\/365_3-MeLwI?feature=oembed\" frameborder=\"0\" allow=\"accelerometer; autoplay; clipboard-write; encrypted-media; gyroscope; picture-in-picture; web-share\" referrerpolicy=\"strict-origin-when-cross-origin\" allowfullscreen><\/iframe>\n<\/div><\/figure>\n\n\n\n<p><strong>Edycja XI &#8211; 9-11.09.2024 r.<\/strong><br><a href=\"https:\/\/www.sgo.agh.edu.pl\/?page_id=844\">Materia\u0142y konferencyjne oraz zdj\u0119cia &#8211; LINK<\/a><\/p>\n\n\n\n<p><strong>Edycja X &#8211; 4-6.09.2023 r.<\/strong><br><a href=\"https:\/\/www.sgo.agh.edu.pl\/?page_id=840\">Materia\u0142y konferencyjne oraz zdj\u0119cia &#8211; LINK<\/a><\/p>\n\n\n\n<p><strong>Edycja IX &#8211; 6-8.06.2022 r.<\/strong><\/p>\n\n\n\n<p><strong>Edycja VIII \u2013 30.08-01.09.2021 r.<\/strong><\/p>\n\n\n\n<p><strong>Edycja  VII \u2013 9-11.09.2019 r.<\/strong><\/p>\n\n\n\n<p><strong>Edycja VI \u2013 09-12.09.2018 r.<\/strong><\/p>\n\n\n\n<p><strong>Edycja V \u2013 11-14.06.2017 r.<\/strong><\/p>\n\n\n\n<p><strong>Edycja IV \u2013 04-05.02.2016 r.<\/strong><\/p>\n\n\n\n<p><strong>Edycja III \u2013 18-19.09.2014 r.<\/strong><\/p>\n\n\n\n<p><strong>Edycja II \u2013 21-22.03.2013 r.<\/strong><\/p>\n\n\n\n<p><strong>Edycja I \u2013 27-28.03.2012 r.<\/strong><\/p>\n","protected":false},"excerpt":{"rendered":"<p>Edycja XII &#8211; 1-03.09.2025 r.Materia\u0142y konferencyjne oraz zdj\u0119cia &#8211; LINK Relacja ze Szko\u0142y G\u00f3rnictwa Odkrywkowego 2025 Edycja XI &#8211; 9-11.09.2024 r.Materia\u0142y konferencyjne oraz zdj\u0119cia &#8211; LINK Edycja X &#8211; 4-6.09.2023 r.Materia\u0142y konferencyjne oraz zdj\u0119cia &#8211; LINK Edycja IX &#8211; 6-8.06.2022 r. Edycja VIII \u2013 30.08-01.09.2021 r. Edycja VII \u2013 9-11.09.2019 r. Edycja VI \u2013 09-12.09.2018 [&hellip;]<\/p>\n","protected":false},"author":1,"featured_media":0,"parent":0,"menu_order":0,"comment_status":"closed","ping_status":"closed","template":"","meta":{"footnotes":""},"class_list":["post-44","page","type-page","status-publish","hentry"],"_links":{"self":[{"href":"https:\/\/www.sgo.agh.edu.pl\/index.php?rest_route=\/wp\/v2\/pages\/44","targetHints":{"allow":["GET"]}}],"collection":[{"href":"https:\/\/www.sgo.agh.edu.pl\/index.php?rest_route=\/wp\/v2\/pages"}],"about":[{"href":"https:\/\/www.sgo.agh.edu.pl\/index.php?rest_route=\/wp\/v2\/types\/page"}],"author":[{"embeddable":true,"href":"https:\/\/www.sgo.agh.edu.pl\/index.php?rest_route=\/wp\/v2\/users\/1"}],"replies":[{"embeddable":true,"href":"https:\/\/www.sgo.agh.edu.pl\/index.php?rest_route=%2Fwp%2Fv2%2Fcomments&post=44"}],"version-history":[{"count":19,"href":"https:\/\/www.sgo.agh.edu.pl\/index.php?rest_route=\/wp\/v2\/pages\/44\/revisions"}],"predecessor-version":[{"id":1369,"href":"https:\/\/www.sgo.agh.edu.pl\/index.php?rest_route=\/wp\/v2\/pages\/44\/revisions\/1369"}],"wp:attachment":[{"href":"https:\/\/www.sgo.agh.edu.pl\/index.php?rest_route=%2Fwp%2Fv2%2Fmedia&parent=44"}],"curies":[{"name":"wp","href":"https:\/\/api.w.org\/{rel}","templated":true}]}}