{"id":47,"date":"2019-12-29T21:54:59","date_gmt":"2019-12-29T20:54:59","guid":{"rendered":"http:\/\/www.sgo.agh.edu.pl\/?page_id=47"},"modified":"2026-03-19T09:56:27","modified_gmt":"2026-03-19T08:56:27","slug":"kontakt","status":"publish","type":"page","link":"https:\/\/www.sgo.agh.edu.pl\/?page_id=47","title":{"rendered":"Kontakt"},"content":{"rendered":"\n<h3 class=\"wp-block-heading has-text-align-center\"><strong>DANE ADRESOWE<\/strong><\/h3>\n\n\n\n<hr>\n\n\n\n<p><strong>Sekretariat SGO2026<\/strong><br>Katedra In\u017cynierii G\u00f3rniczej i Bezpiecze\u0144stwa Pracy<br>Wydzia\u0142 In\u017cynierii L\u0105dowej i Gospodarki Zasobami <br>Akademia G\u00f3rniczo-Hutnicza im. Stanis\u0142awa Staszica <br>Al. Mickiewicza 30, 30-059 Krak\u00f3w<\/p>\n\n\n\n<hr>\n\n\n\n<p>Kontakt mailowy: <a href=\"mailto:szkolago@agh.edu.pl\">szkolago@agh.edu.pl<\/a><\/p>\n\n\n\n<hr>\n\n\n\n<h3 class=\"wp-block-heading has-text-align-center\">KOMITET ORGANIZACYJNY<\/h3>\n\n\n\n<p><strong>Przewodnicz\u0105cy:<\/strong><br>prof. dr hab. in\u017c.&nbsp;<strong><a href=\"mailto:kasztel@agh.edu.pl\">Zbigniew Kasztelewicz<\/a><\/strong><\/p>\n\n\n\n<p><strong>Sekretarz:<\/strong><br>dr in\u017c.&nbsp;<strong><a href=\"mailto:sikoram@agh.edu.pl\">Mateusz Sikora<\/a><\/strong>, &nbsp;tel. 12 617&nbsp;44 90, kom:&nbsp;695&nbsp;171 636<\/p>\n\n\n\n<p><strong>Zast\u0119pca Sekretarza:<\/strong><\/p>\n\n\n\n<p> dr in\u017c.&nbsp;<strong><a href=\"mailto:lochan@agh.edu.pl\">Dorota \u0141ocha\u0144ska<\/a><\/strong>, &nbsp;tel. 12 617&nbsp;21 09, kom:&nbsp;668 139 170<\/p>\n\n\n\n<p><strong>Cz\u0142onkowie:<\/strong><\/p>\n\n\n\n<p>mgr in\u017c. <strong><a href=\"mailto:aborcz@agh.edu.pl\">Adrian Borcz<\/a><\/strong><\/p>\n\n\n\n<p>mgr in\u017c. <strong><a href=\"mailto:dworzak@agh.edu.pl\">Micha\u0142 Dworzak<\/a><\/strong><\/p>\n\n\n\n<p>dr in\u017c. <strong><a href=\"mailto:mpatyk@agh.edu.pl\">Micha\u0142 Patyk<\/a><\/strong><\/p>\n\n\n\n<hr>\n\n\n\n<p>&nbsp;&nbsp;&nbsp;&nbsp;&nbsp;&nbsp;&nbsp;&nbsp;&nbsp;&nbsp;&nbsp;&nbsp;&nbsp;&nbsp;&nbsp;&nbsp;&nbsp;&nbsp;&nbsp;&nbsp;&nbsp;&nbsp;&nbsp;&nbsp;&nbsp;&nbsp;&nbsp;&nbsp;&nbsp;&nbsp;&nbsp;&nbsp;&nbsp;&nbsp;&nbsp;&nbsp;&nbsp;&nbsp;&nbsp;&nbsp;&nbsp;&nbsp;&nbsp;&nbsp;&nbsp;&nbsp;&nbsp;&nbsp;&nbsp;&nbsp;&nbsp;&nbsp; <\/p>\n","protected":false},"excerpt":{"rendered":"<p>DANE ADRESOWE Sekretariat SGO2026Katedra In\u017cynierii G\u00f3rniczej i Bezpiecze\u0144stwa PracyWydzia\u0142 In\u017cynierii L\u0105dowej i Gospodarki Zasobami Akademia G\u00f3rniczo-Hutnicza im. Stanis\u0142awa Staszica Al. Mickiewicza 30, 30-059 Krak\u00f3w Kontakt mailowy: szkolago@agh.edu.pl KOMITET ORGANIZACYJNY Przewodnicz\u0105cy:prof. dr hab. in\u017c.&nbsp;Zbigniew Kasztelewicz Sekretarz:dr in\u017c.&nbsp;Mateusz Sikora, &nbsp;tel. 12 617&nbsp;44 90, kom:&nbsp;695&nbsp;171 636 Zast\u0119pca Sekretarza: dr in\u017c.&nbsp;Dorota \u0141ocha\u0144ska, &nbsp;tel. 12 617&nbsp;21 09, kom:&nbsp;668 139 170 [&hellip;]<\/p>\n","protected":false},"author":1,"featured_media":0,"parent":0,"menu_order":0,"comment_status":"closed","ping_status":"closed","template":"","meta":{"footnotes":""},"class_list":["post-47","page","type-page","status-publish","hentry"],"_links":{"self":[{"href":"https:\/\/www.sgo.agh.edu.pl\/index.php?rest_route=\/wp\/v2\/pages\/47","targetHints":{"allow":["GET"]}}],"collection":[{"href":"https:\/\/www.sgo.agh.edu.pl\/index.php?rest_route=\/wp\/v2\/pages"}],"about":[{"href":"https:\/\/www.sgo.agh.edu.pl\/index.php?rest_route=\/wp\/v2\/types\/page"}],"author":[{"embeddable":true,"href":"https:\/\/www.sgo.agh.edu.pl\/index.php?rest_route=\/wp\/v2\/users\/1"}],"replies":[{"embeddable":true,"href":"https:\/\/www.sgo.agh.edu.pl\/index.php?rest_route=%2Fwp%2Fv2%2Fcomments&post=47"}],"version-history":[{"count":31,"href":"https:\/\/www.sgo.agh.edu.pl\/index.php?rest_route=\/wp\/v2\/pages\/47\/revisions"}],"predecessor-version":[{"id":1381,"href":"https:\/\/www.sgo.agh.edu.pl\/index.php?rest_route=\/wp\/v2\/pages\/47\/revisions\/1381"}],"wp:attachment":[{"href":"https:\/\/www.sgo.agh.edu.pl\/index.php?rest_route=%2Fwp%2Fv2%2Fmedia&parent=47"}],"curies":[{"name":"wp","href":"https:\/\/api.w.org\/{rel}","templated":true}]}}