{"id":707,"date":"2024-02-26T21:42:28","date_gmt":"2024-02-26T20:42:28","guid":{"rendered":"http:\/\/www.sgo.agh.edu.pl\/?page_id=707"},"modified":"2025-02-25T21:33:34","modified_gmt":"2025-02-25T20:33:34","slug":"klauzula-informacyjna-z-art-13-rodo-w-celu-zwiazanym-z-udzialem-w-konferencji-naukowej","status":"publish","type":"page","link":"https:\/\/www.sgo.agh.edu.pl\/?page_id=707","title":{"rendered":"Klauzula informacyjna z art. 13 RODO, w celu zwi\u0105zanym z udzia\u0142em w konferencji naukowej"},"content":{"rendered":"\n<p>Zgodnie z art. 13 ust. 1 i 2 rozporz\u0105dzenia Parlamentu Europejskiego i Rady (UE) 2016\/679 z dnia 27 kwietnia 2016r. w sprawie ochrony os\u00f3b fizycznych w zwi\u0105zku z przetwarzaniem danych osobowych i w sprawie swobodnego przep\u0142ywu takich danych oraz uchylenia dyrektywy 95\/46\/WE (og\u00f3lne rozporz\u0105dzenie o ochronie danych) (Dz. Urz. UE L 119 z 04.05.2016, str. 1), dalej \u201eRODO\u201d, informuj\u0119, \u017ce:\u202f\u202f&nbsp;<\/p>\n\n\n\n<p>1. Administratorem Pani\/Pana danych osobowych jest <strong>Fundacja Student\u00f3w i Absolwent\u00f3w Akademii G\u00f3rniczo-Hutniczej w Krakowie ACADEMICA, <\/strong>ul. Rostafi\u0144skiego 10, 30-072 Krak\u00f3w, adres email: <a href=\"mailto:biuro@academica.org.pl\" target=\"_blank\" rel=\"noreferrer noopener\">biuro@academica.org.pl<\/a> na podstawie zawartego porozumienia pomi\u0119dzy Komitetem Organizacyjnym Szko\u0142y G\u00f3rnictwa Odkrywkowego oraz Fundacj\u0119 ACADEMICA.\u202f&nbsp;<\/p>\n\n\n\n<p>2. Pani\/Pana dane osobowe podane w formularzu rejestracyjnym przetwarzane s\u0105 w celu rejestracji uczestnictwa w XII edycji Szko\u0142y G\u00f3rnictwa Odkrywkowego organizowanej w dniach 1-2 wrze\u015bnia 2025 r. przez: Komitet Organizacyjny Szko\u0142y G\u00f3rnictwa Odkrywkowego oraz Fundacj\u0119 ACADEMICA, organizacji komunikowania si\u0119 z uczestnikami w sprawach zwi\u0105zanych z organizacj\u0105 konferencji, udokumentowania jej przebiegu, w tym sporz\u0105dzenia listy uczestnik\u00f3w, wydania za\u015bwiadcze\u0144 uczestnictwa, celach archiwalnych, a w przypadku wyra\u017cenia zgody na otrzymywanie informacji o konferencjach i wydarzeniach o profilu naukowym lub popularyzuj\u0105cych nauk\u0119 organizowanych przez Komitet Organizacyjny Szko\u0142y G\u00f3rnictwa Odkrywkowego oraz Fundacj\u0119 ACADEMICA.\u202f&nbsp;<\/p>\n\n\n\n<p>Podstaw\u0105 prawn\u0105 przetwarzania danych osobowych jest art. 6 ust. 1 lit. a RODO, czyli dobrowolna zgoda w celu realizacji zada\u0144 zwi\u0105zanych z organizacj\u0105 XII edycji Szko\u0142y G\u00f3rnictwa Odkrywkowego, art. 6 ust. 1 lit. c w zwi\u0105zku z wymogami przepis\u00f3w prawa. W przypadku wyra\u017cenia zgody na otrzymywanie informacji o konferencjach i wydarzeniach organizowanych przez Komitet Organizacyjny Szko\u0142y G\u00f3rnictwa Odkrywkowego oraz Fundacj\u0119 ACADEMICA w przysz\u0142o\u015bci podstaw\u0105 przetwarzania danych jest art. 6 ust. 1 lit. a RODO, czyli zgoda.&nbsp;<\/p>\n\n\n\n<p>Mo\u017ce Pani\/Pan wycofa\u0107 zgod\u0119 w dowolnym momencie \u2013 co nie wp\u0142ywa na zgodno\u015b\u0107 z prawem przetwarzania dokonanego przed jej cofni\u0119ciem;\u202f\u202f&nbsp;<\/p>\n\n\n\n<p>3. Podane przez Pani\u0105\/Pana dane osobowe nie b\u0119d\u0105 ujawniane innym podmiotom, za wyj\u0105tkiem podmiot\u00f3w upowa\u017cnionych przez przepisy prawa, w tym zaanga\u017cowanych w organizacj\u0119 lub obs\u0142ug\u0119 konferencji;\u202f&nbsp;<\/p>\n\n\n\n<p>4. Dane osobowe przetwarzane w zwi\u0105zku z udzia\u0142em w konferencji b\u0119d\u0105 przetwarzane w okresie realizacji celu przetwarzania, a tak\u017ce przez okres przechowywania dokumentacji finansowo-ksi\u0119gowej konferencji przez uczelni\u0119, w sytuacjach przewidzianych w przepisach prawa mog\u0105 by\u0107 te\u017c przetwarzane w okresie niezb\u0119dnym do ustalenia i dochodzenia ewentualnych roszcze\u0144. W przypadku wyra\u017cenia zgody na otrzymywanie informacji o konferencjach i wydarzeniach o profilu naukowym lub popularyzuj\u0105cych nauk\u0119, dane osobowe b\u0119d\u0105 przetwarzane do momentu wycofania zgody lub wyra\u017cenia sprzeciwu wobec przetwarzania danych.\u202f&nbsp;<\/p>\n\n\n\n<p>5. Posiada Pani\/Pan:\u202f&nbsp;<\/p>\n\n\n\n<p>a) na podstawie art. 15 RODO prawo dost\u0119pu do danych osobowych Pani\/Pana dotycz\u0105cych;\u202f&nbsp;<\/p>\n\n\n\n<p>b) na podstawie art. 16 RODO prawo do sprostowania Pani\/Pana danych osobowych;&nbsp;<\/p>\n\n\n\n<p>c) na podstawie art. 17 RODO prawo do usuni\u0119cia danych osobowych w przypadkach przewidzianych przepisami prawa,\u202f\u202f&nbsp;<\/p>\n\n\n\n<p>d) na podstawie art. 18 RODO prawo \u017c\u0105dania od administratora ograniczenia przetwarzania danych osobowych z zastrze\u017ceniem przypadk\u00f3w, o kt\u00f3rych mowa w art. 18 ust. 2 RODO;\u202f\u202f&nbsp;<\/p>\n\n\n\n<p>e) na podstawie art. 20 RODO prawo do przenoszenia danych osobowych, zgodnie z obowi\u0105zuj\u0105cymi przepisami prawa,\u202f\u202f&nbsp;<\/p>\n\n\n\n<p>f) na podstawie art. 21 RODO prawo sprzeciwu wobec przetwarzania danych osobowych w przypadkach przewidzianych przepisami prawa,\u202f\u202f&nbsp;<\/p>\n\n\n\n<p>g) prawo do wniesienia skargi do Prezesa Urz\u0119du Ochrony Danych Osobowych, gdy uzna Pani\/Pan, \u017ce przetwarzanie danych osobowych Pani\/Pana dotycz\u0105cych narusza przepisy RODO;\u202f&nbsp;<\/p>\n\n\n\n<p>6. W odniesieniu do Pani\/Pana danych osobowych decyzje nie b\u0119d\u0105 podejmowane w spos\u00f3b zautomatyzowany, stosowanie do art. 22 RODO, nie b\u0119d\u0105 one r\u00f3wnie\u017c podlega\u0142y profilowaniu.\u202f&nbsp;<\/p>\n\n\n\n<p>7. Podanie danych jest dobrowolne, ale niezb\u0119dne do realizacji cel\u00f3w, do jakich zosta\u0142y zebrane, bez ich podania nie b\u0119dzie mo\u017cliwy udzia\u0142 w konferencji.\u202f\u202f&nbsp;<\/p>\n\n\n\n<p>8. Ponadto informujemy, \u017ce w celu udokumentowania konferencji, b\u0119d\u0105 wykonywane w jej trakcie fotografie, kt\u00f3re zostan\u0105 opublikowane na stronach internetowych Organizatora.&nbsp;<\/p>\n","protected":false},"excerpt":{"rendered":"<p>Zgodnie z art. 13 ust. 1 i 2 rozporz\u0105dzenia Parlamentu Europejskiego i Rady (UE) 2016\/679 z dnia 27 kwietnia 2016r. w sprawie ochrony os\u00f3b fizycznych w zwi\u0105zku z przetwarzaniem danych osobowych i w sprawie swobodnego przep\u0142ywu takich danych oraz uchylenia dyrektywy 95\/46\/WE (og\u00f3lne rozporz\u0105dzenie o ochronie danych) (Dz. Urz. UE L 119 z 04.05.2016, str. [&hellip;]<\/p>\n","protected":false},"author":1,"featured_media":0,"parent":0,"menu_order":0,"comment_status":"closed","ping_status":"closed","template":"","meta":{"footnotes":""},"class_list":["post-707","page","type-page","status-publish","hentry"],"_links":{"self":[{"href":"https:\/\/www.sgo.agh.edu.pl\/index.php?rest_route=\/wp\/v2\/pages\/707","targetHints":{"allow":["GET"]}}],"collection":[{"href":"https:\/\/www.sgo.agh.edu.pl\/index.php?rest_route=\/wp\/v2\/pages"}],"about":[{"href":"https:\/\/www.sgo.agh.edu.pl\/index.php?rest_route=\/wp\/v2\/types\/page"}],"author":[{"embeddable":true,"href":"https:\/\/www.sgo.agh.edu.pl\/index.php?rest_route=\/wp\/v2\/users\/1"}],"replies":[{"embeddable":true,"href":"https:\/\/www.sgo.agh.edu.pl\/index.php?rest_route=%2Fwp%2Fv2%2Fcomments&post=707"}],"version-history":[{"count":2,"href":"https:\/\/www.sgo.agh.edu.pl\/index.php?rest_route=\/wp\/v2\/pages\/707\/revisions"}],"predecessor-version":[{"id":848,"href":"https:\/\/www.sgo.agh.edu.pl\/index.php?rest_route=\/wp\/v2\/pages\/707\/revisions\/848"}],"wp:attachment":[{"href":"https:\/\/www.sgo.agh.edu.pl\/index.php?rest_route=%2Fwp%2Fv2%2Fmedia&parent=707"}],"curies":[{"name":"wp","href":"https:\/\/api.w.org\/{rel}","templated":true}]}}